{"id":82,"date":"2020-08-12T07:13:07","date_gmt":"2020-08-12T07:13:07","guid":{"rendered":"https:\/\/demosites.io\/coding-school-gb-2\/?page_id=82"},"modified":"2026-01-29T14:06:41","modified_gmt":"2026-01-29T14:06:41","slug":"abflussreinigen-dortmund-2","status":"publish","type":"page","link":"https:\/\/abflussreinigendortmund.de\/","title":{"rendered":"Abflussreinigen Dortmund"},"content":{"rendered":"\n<div id=\"wp-block-themeisle-blocks-advanced-columns-de46737b\" class=\"wp-block-themeisle-blocks-advanced-columns alignfull has-2-columns has-desktop-equal-layout has-tablet-equal-layout has-mobile-collapsedRows-layout has-vertical-center has-dark-bg\"><div class=\"wp-block-themeisle-blocks-advanced-columns-overlay\"><\/div><div class=\"innerblocks-wrap\">\n<div id=\"wp-block-themeisle-blocks-advanced-column-a37ad26f\" class=\"wp-block-themeisle-blocks-advanced-column\"><div class=\"wp-block-themeisle-blocks-advanced-column-overlay\"><\/div><div class=\"wp-block-image\">\n<figure class=\"aligncenter size-full is-resized\"><img loading=\"lazy\" decoding=\"async\" width=\"500\" height=\"750\" src=\"https:\/\/abflussreinigendortmund.de\/wp-content\/uploads\/2025\/12\/abflussreinigen-dortmund-0.webp\" alt=\"abflussreinigen dortmund \" class=\"wp-image-1437\" style=\"aspect-ratio:3\/4;object-fit:contain;width:600px\" srcset=\"https:\/\/abflussreinigendortmund.de\/wp-content\/uploads\/2025\/12\/abflussreinigen-dortmund-0.webp 500w, https:\/\/abflussreinigendortmund.de\/wp-content\/uploads\/2025\/12\/abflussreinigen-dortmund-0-200x300.webp 200w\" sizes=\"auto, (max-width: 500px) 100vw, 500px\" \/><\/figure>\n<\/div><\/div>\n\n\n\n<div id=\"wp-block-themeisle-blocks-advanced-column-deaf4d84\" class=\"wp-block-themeisle-blocks-advanced-column\">\n<div style=\"height:20px\" aria-hidden=\"true\" class=\"wp-block-spacer\"><\/div>\n\n\n\n<p class=\"has-neve-link-color-color has-text-color\"><strong><strong>Rohr verstopft? Abfluss verstopft?<\/strong><\/strong><\/p>\n\n\n\n<h1 class=\"wp-block-heading\">\ud83d\udd27<strong>Abflussreinigen<\/strong> Dortmund \u2013 24h Notdienst<\/h1>\n\n\n\n<p class=\"has-medium-font-size\">Schnelle &amp; professionelle Hilfe bei verstopften Rohren und Abfl\u00fcssen in Dortmund<\/p>\n\n\n\n<p class=\"has-medium-font-size\">Wir sind Ihr zuverl\u00e4ssiger Rohrreinigung Notdienst in Dortmund \u2013 <strong>24 Stunden erreichbar<\/strong>, auch an Wochenenden und Feiertagen.<\/p>\n\n\n\n<div id=\"wp-block-themeisle-blocks-button-group-94636616\" class=\"wp-block-themeisle-blocks-button-group collapse-mobile wp-block-buttons align-full-mobile\">\n<div id=\"wp-block-themeisle-blocks-button-8c4efed9\" class=\"wp-block-themeisle-blocks-button wp-block-button is-style-primary\"><a href=\"tel:+4915792494307\" target=\"_self\" rel=\"noopener noreferrer\" class=\"wp-block-button__link\"><span>0157 9249 43 07<\/span><\/a><\/div>\n\n\n\n<div id=\"wp-block-themeisle-blocks-button-aa6fbf88\" class=\"wp-block-themeisle-blocks-button wp-block-button is-style-secondary\"><a href=\"tel:+4915792494307\" target=\"_self\" rel=\"noopener noreferrer\" class=\"wp-block-button__link\"><span>Ruf uns an<\/span><\/a><\/div>\n<\/div>\n<\/div>\n<\/div><\/div>\n\n\n\n<div id=\"wp-block-themeisle-blocks-advanced-columns-e7910acb\" class=\"wp-block-themeisle-blocks-advanced-columns alignfull has-1-columns has-desktop-equal-layout has-tablet-equal-layout has-mobile-equal-layout has-vertical-unset has-dark-bg\"><div class=\"wp-block-themeisle-blocks-advanced-columns-overlay\"><\/div><div class=\"innerblocks-wrap\">\n<div id=\"wp-block-themeisle-blocks-advanced-column-6eb37563\" class=\"wp-block-themeisle-blocks-advanced-column\">\n<div id=\"wp-block-themeisle-blocks-advanced-columns-b74bbe22\" class=\"wp-block-themeisle-blocks-advanced-columns has-1-columns has-desktop-equal-layout has-tablet-equal-layout has-mobile-equal-layout has-vertical-unset\"><div class=\"wp-block-themeisle-blocks-advanced-columns-overlay\"><\/div><div class=\"innerblocks-wrap\">\n<div id=\"wp-block-themeisle-blocks-advanced-column-8d475f2a\" class=\"wp-block-themeisle-blocks-advanced-column\">\n<h2 class=\"wp-block-heading has-text-align-left has-nv-text-dark-bg-color has-text-color\">\u2705 Unsere Leistungen<\/h2>\n\n\n\n<p class=\"has-nv-text-dark-bg-color has-text-color\">\ud83d\udc49 <strong>Notdienst Rohrreinigung Dortmund \u2013 sofort verf\u00fcgbar<\/strong><\/p>\n<\/div>\n<\/div><\/div>\n\n\n\n<div id=\"wp-block-themeisle-blocks-advanced-columns-824eee1b\" class=\"wp-block-themeisle-blocks-advanced-columns has-3-columns has-desktop-equal-layout has-tablet-equal-layout has-mobile-collapsedRows-layout has-vertical-unset\"><div class=\"wp-block-themeisle-blocks-advanced-columns-overlay\"><\/div><div class=\"innerblocks-wrap\">\n<div id=\"wp-block-themeisle-blocks-advanced-column-88df3f4e\" class=\"wp-block-themeisle-blocks-advanced-column has-dark-bg\"><div class=\"wp-block-themeisle-blocks-advanced-column-overlay\"><\/div>\n<p class=\"has-huge-font-size\"><strong>\ud83d\udebf<\/strong><\/p>\n\n\n\n<h3 class=\"wp-block-heading has-neve-text-color-color has-text-color\" style=\"text-transform:capitalize\">Abflussreinigung &amp; Rohrreinigung<\/h3>\n\n\n\n<p class=\"has-neve-text-color-color has-text-color\"><strong>Abflussreinigung<\/strong> f\u00fcr K\u00fcche, Bad, Dusche &amp; WC<\/p>\n\n\n\n<p><strong>Rohrreinigung<\/strong> bei hartn\u00e4ckigen Ablagerungen<\/p>\n\n\n\n<p class=\"has-neve-text-color-color has-text-color\">Effektive <strong>Verstopfungsbeseitigung<\/strong> ohne Sch\u00e4den<\/p>\n<\/div>\n\n\n\n<div id=\"wp-block-themeisle-blocks-advanced-column-0e2d7653\" class=\"wp-block-themeisle-blocks-advanced-column has-dark-bg\"><div class=\"wp-block-themeisle-blocks-advanced-column-overlay\"><\/div>\n<p class=\"has-huge-font-size\"><strong><strong>\ud83d\udee0\ufe0f<\/strong><\/strong><\/p>\n\n\n\n<h3 class=\"wp-block-heading has-neve-text-color-color has-text-color\" style=\"text-transform:capitalize\">Kanalreinigung &amp; Rohrsanierung<\/h3>\n\n\n\n<p class=\"has-neve-text-color-color has-text-color\">Professionelle <strong>Kanalreinigung<\/strong> f\u00fcr private &amp; gewerbliche Objekte<\/p>\n\n\n\n<p class=\"has-neve-text-color-color has-text-color\">Moderne <strong>Rohrsanierung<\/strong> \u2013 nachhaltig &amp; kosteneffizient<\/p>\n<\/div>\n\n\n\n<div id=\"wp-block-themeisle-blocks-advanced-column-0498dd28\" class=\"wp-block-themeisle-blocks-advanced-column has-dark-bg\"><div class=\"wp-block-themeisle-blocks-advanced-column-overlay\"><\/div>\n<p class=\"has-huge-font-size\"><strong><strong>\ud83d\udea8<\/strong><\/strong><\/p>\n\n\n\n<h3 class=\"wp-block-heading has-neve-text-color-color has-text-color\" style=\"text-transform:capitalize\">Rohr Notdienst \u2013 24\/7<\/h3>\n\n\n\n<p class=\"has-neve-text-color-color has-text-color\"><strong>Rohr Notdienst<\/strong> bei akuten Problemen<\/p>\n\n\n\n<p><strong>Abfluss Notdienst<\/strong> bei Wasserr\u00fcckstau<\/p>\n\n\n\n<p><strong>Verstopfung Notdienst<\/strong> \u2013 schnelle Anfahrt in Dortmund<\/p>\n<\/div>\n<\/div><\/div>\n<\/div>\n<\/div><\/div>\n\n\n\n<div id=\"wp-block-themeisle-blocks-advanced-columns-a2946a77\" class=\"wp-block-themeisle-blocks-advanced-columns alignfull has-2-columns has-desktop-equal-layout has-tablet-equal-layout has-mobile-collapsedRows-layout has-vertical-unset has-vertical-undefined ticss-a2946a77  has-dark-bg\"><div class=\"wp-block-themeisle-blocks-advanced-columns-overlay\"><\/div><div class=\"innerblocks-wrap\">\n<div id=\"wp-block-themeisle-blocks-advanced-column-92b2db05\" class=\"wp-block-themeisle-blocks-advanced-column\">\n<p class=\"has-neve-link-color-color has-text-color\"><strong>Rohrreinigung Dortmund<\/strong><\/p>\n\n\n\n<h2 id=\"wp-block-themeisle-blocks-advanced-heading-80e82c06\" class=\"wp-block-themeisle-blocks-advanced-heading wp-block-themeisle-blocks-advanced-heading-80e82c06\">\u2b50 Warum uns w\u00e4hlen?<br><\/h2>\n\n\n\n<p class=\"has-text-align-left has-medium-font-size\">Erfahrene Fachkr\u00e4fte, moderne Technik und ein schneller Notdienst in Dortmund garantieren effiziente, saubere und nachhaltige L\u00f6sungen. Unser Ziel ist ein zuverl\u00e4ssiger Service und h\u00f6chste Kundenzufriedenheit.<br><br><\/p>\n<\/div>\n\n\n\n<div id=\"wp-block-themeisle-blocks-advanced-column-5a68c115\" class=\"wp-block-themeisle-blocks-advanced-column\">\n<div id=\"wp-block-themeisle-blocks-accordion-e8a6895d\" data-has-schema=\"true\" class=\"wp-block-themeisle-blocks-accordion exclusive has-gap has-dark-content-bg\">\n<details class=\"wp-block-themeisle-blocks-accordion-item\"><summary class=\"wp-block-themeisle-blocks-accordion-item__title\"><h3>Warum sollten Sie uns w\u00e4hlen?<\/h3><\/summary><div class=\"wp-block-themeisle-blocks-accordion-item__content\">\n<p>Unsere erfahrenen Fachkr\u00e4fte verf\u00fcgen \u00fcber langj\u00e4hrige Praxis in der Rohr- und Abflussreinigung. Durch regelm\u00e4\u00dfne Schulungen garantieren wir fachgerechte und sichere L\u00f6sungen.<\/p>\n<\/div><\/details>\n\n\n\n<details class=\"wp-block-themeisle-blocks-accordion-item\"><summary class=\"wp-block-themeisle-blocks-accordion-item__title\"><h3>Welche Technik wird bei der Rohrreinigung eingesetzt?<\/h3><\/summary><div class=\"wp-block-themeisle-blocks-accordion-item__content\">\n<p>Wir arbeiten mit modernen Ger\u00e4ten f\u00fcr die professionelle Rohr Reinigung. Dadurch k\u00f6nnen Verstopfungen schnell, effektiv und ohne Sch\u00e4den beseitigt werden.<\/p>\n<\/div><\/details>\n\n\n\n<details class=\"wp-block-themeisle-blocks-accordion-item\"><summary class=\"wp-block-themeisle-blocks-accordion-item__title\"><h3>Was macht unseren Notdienst in Dortmund besonders?<\/h3><\/summary><div class=\"wp-block-themeisle-blocks-accordion-item__content\">\n<p>Unser schneller Notdienst f\u00fcr Rohrreinigung in Dortmund ist rund um die Uhr erreichbar. Saubere, nachhaltige L\u00f6sungen und hohe Kundenzufriedenheit stehen bei uns an erster Stelle.<\/p>\n<\/div><\/details>\n<\/div>\n<\/div>\n<\/div><\/div>\n\n\n\n<section id=\"wp-block-themeisle-blocks-advanced-columns-c2cb0d70\" class=\"wp-block-themeisle-blocks-advanced-columns alignfull has-2-columns has-desktop-equal-layout has-tablet-equal-layout has-mobile-collapsedRows-layout has-vertical-flex-start\"><div class=\"wp-block-themeisle-blocks-advanced-columns-overlay\"><\/div><div class=\"innerblocks-wrap\">\n<div id=\"wp-block-themeisle-blocks-advanced-column-e07ba6d2\" class=\"wp-block-themeisle-blocks-advanced-column\"><div class=\"wp-block-themeisle-blocks-advanced-column-overlay\"><\/div><div class=\"wp-block-image\">\n<figure class=\"aligncenter size-full\"><img loading=\"lazy\" decoding=\"async\" width=\"500\" height=\"750\" src=\"https:\/\/abflussreinigendortmund.de\/wp-content\/uploads\/2025\/12\/abflussreinigen-dortmund-0.webp\" alt=\"abflussreinigen dortmund\" class=\"wp-image-1437\" srcset=\"https:\/\/abflussreinigendortmund.de\/wp-content\/uploads\/2025\/12\/abflussreinigen-dortmund-0.webp 500w, https:\/\/abflussreinigendortmund.de\/wp-content\/uploads\/2025\/12\/abflussreinigen-dortmund-0-200x300.webp 200w\" sizes=\"auto, (max-width: 500px) 100vw, 500px\" \/><\/figure>\n<\/div><\/div>\n\n\n\n<div id=\"wp-block-themeisle-blocks-advanced-column-5dfa971c\" class=\"wp-block-themeisle-blocks-advanced-column\">\n<h2 class=\"wp-block-heading has-text-align-left\" style=\"text-transform:capitalize\">\ud83d\udccd Einsatzgebiet<\/h2>\n\n\n\n<p class=\"has-text-align-left\"><strong>Dortmund &amp; Umgebung<\/strong><br>Wir sind schnell in allen Stadtteilen vor Ort und erreichen Sie in k\u00fcrzester Zeit. Egal ob Innenstadt, Au\u00dfenbezirke oder umliegende Gemeinden \u2013 unser Team ist stets einsatzbereit. Dank unserer zentralen Lage in Dortmund k\u00f6nnen wir auch bei Notf\u00e4llen sofort reagieren und bieten schnelle, zuverl\u00e4ssige Hilfe bei verstopften Rohren und Abfl\u00fcssen. Unser Ziel ist es, dass jeder Kunde in Dortmund und Umgebung schnell wieder einen freien und funktionierenden Abfluss hat.<\/p>\n\n\n\n<div class=\"wp-block-buttons is-layout-flex wp-block-buttons-is-layout-flex\">\n<div class=\"wp-block-button is-style-primary\"><a class=\"wp-block-button__link wp-element-button\" href=\"tel:+4915792494307\">Ruf uns an<\/a><\/div>\n<\/div>\n<\/div>\n<\/div><\/section>\n\n\n\n<section id=\"wp-block-themeisle-blocks-advanced-columns-f3157c32\" class=\"wp-block-themeisle-blocks-advanced-columns alignfull has-2-columns has-desktop-equal-layout has-tablet-equal-layout has-mobile-collapsedRows-layout has-reverse-columns-mobile has-vertical-flex-start has-dark-bg\"><div class=\"wp-block-themeisle-blocks-advanced-columns-overlay\"><\/div><div class=\"innerblocks-wrap\">\n<div id=\"wp-block-themeisle-blocks-advanced-column-9276e58f\" class=\"wp-block-themeisle-blocks-advanced-column\">\n<h2 class=\"wp-block-heading has-text-align-left\" style=\"text-transform:capitalize\">\ud83d\udcde Jetzt anrufen \u2013 Rohrreinigung Dortmund<br><\/h2>\n\n\n\n<p class=\"has-text-align-left\"><strong>Rohr verstopft? Abfluss verstopft?<\/strong><br>Z\u00f6gern Sie nicht \u2013 unser <strong>Rohrreinigung Notdienst Dortmund<\/strong> hilft sofort!<\/p>\n\n\n\n<p class=\"has-text-align-left\">\ud83d\udc49 <strong>Jetzt anrufen \u2013 24h Rohr Notdienst<\/strong><\/p>\n\n\n\n<div class=\"wp-block-buttons is-layout-flex wp-block-buttons-is-layout-flex\">\n<div class=\"wp-block-button is-style-primary\"><a class=\"wp-block-button__link wp-element-button\" href=\"tel:+4915792494307\">0157 9249 43 07<\/a><\/div>\n<\/div>\n<\/div>\n\n\n\n<div id=\"wp-block-themeisle-blocks-advanced-column-abcc8966\" class=\"wp-block-themeisle-blocks-advanced-column\"><div class=\"wp-block-themeisle-blocks-advanced-column-overlay\"><\/div><div class=\"wp-block-image\">\n<figure class=\"aligncenter size-full is-resized\"><img loading=\"lazy\" decoding=\"async\" width=\"500\" height=\"500\" src=\"https:\/\/abflussreinigendortmund.de\/wp-content\/uploads\/2026\/01\/Abflussreinigen_Dortmund_0-removebg-preview.png\" alt=\"Abflussreinigen_Dortmund\" class=\"wp-image-1495\" style=\"aspect-ratio:4\/3;object-fit:cover;width:545px\" srcset=\"https:\/\/abflussreinigendortmund.de\/wp-content\/uploads\/2026\/01\/Abflussreinigen_Dortmund_0-removebg-preview.png 500w, https:\/\/abflussreinigendortmund.de\/wp-content\/uploads\/2026\/01\/Abflussreinigen_Dortmund_0-removebg-preview-300x300.png 300w, https:\/\/abflussreinigendortmund.de\/wp-content\/uploads\/2026\/01\/Abflussreinigen_Dortmund_0-removebg-preview-150x150.png 150w\" sizes=\"auto, (max-width: 500px) 100vw, 500px\" \/><\/figure>\n<\/div><\/div>\n<\/div><\/section>\n\n\n\n<div id=\"wp-block-themeisle-blocks-popup-c42d8583\" class=\"wp-block-themeisle-blocks-popup is-front with-outside-button has-dark-bg\" data-open=\"none\" data-dismiss=\"\" data-time=\"\" data-anchor=\"\" data-offset=\"\" data-outside=\"true\" data-anchorclose=\"\" data-disable-on=\"mobile\"><div class=\"otter-popup__modal_wrap\"><div role=\"presentation\" class=\"otter-popup__modal_wrap_overlay\"><\/div><div class=\"otter-popup__modal_content\"><div class=\"otter-popup__modal_header\"><button type=\"button\" class=\"components-button has-icon\"><svg width=\"24\" height=\"24\" xmlns=\"http:\/\/www.w3.org\/2000\/svg\" viewBox=\"0 0 24 24\" role=\"img\" aria-hidden=\"true\"><path d=\"M12 13.06l3.712 3.713 1.061-1.06L13.061 12l3.712-3.712-1.06-1.06L12 10.938 8.288 7.227l-1.061 1.06L10.939 12l-3.712 3.712 1.06 1.061L12 13.061z\"><\/path><\/svg><\/button><\/div><div class=\"otter-popup__modal_body\">\n<h2 id=\"wp-block-themeisle-blocks-advanced-heading-e8667356\" class=\"wp-block-themeisle-blocks-advanced-heading wp-block-themeisle-blocks-advanced-heading-e8667356\">Find the perfect course<\/h2>\n\n\n\n<p class=\"has-neve-text-color-color has-text-color\" style=\"font-size:16px\">All of our courses are designed to help you learn the fundamentals of coding and other related topics.<\/p>\n\n\n\n<div id=\"wp-block-themeisle-blocks-form-bb98feb4\" class=\"wp-block-themeisle-blocks-form\" data-option-name=\"bf9b28ff82ce323187abc5d0feb0d8f07ecd8436_bb98feb4\"><form class=\"otter-form__container\">\n<div id=\"wp-block-themeisle-blocks-form-input-4e9106e3\" class=\"wp-block-themeisle-blocks-form-input\"><label for=\"wp-block-themeisle-blocks-form-input-4e9106e3-input\" class=\"otter-form-input-label\"><span class=\"otter-form-input-label__label\">Name<\/span><span class=\"required\">*<\/span><\/label><input type=\"text\" id=\"wp-block-themeisle-blocks-form-input-4e9106e3-input\" required class=\"otter-form-input\"\/><\/div>\n\n\n\n<div id=\"wp-block-themeisle-blocks-form-input-1ff1475f\" class=\"wp-block-themeisle-blocks-form-input\"><label for=\"wp-block-themeisle-blocks-form-input-1ff1475f-input\" class=\"otter-form-input-label\"><span class=\"otter-form-input-label__label\">Email<\/span><span class=\"required\">*<\/span><\/label><input type=\"email\" id=\"wp-block-themeisle-blocks-form-input-1ff1475f-input\" required class=\"otter-form-input\"\/><\/div>\n\n\n\n<p class=\"has-text-align-left has-neve-text-color-color has-text-color has-small-font-size\">You agree to privacy and terms.<\/p>\n\n\n<div class=\"protection\" aria-hidden=\"true\"><input type=\"hidden\" id=\"wp-block-themeisle-blocks-form-bb98feb4_nonce_field\" name=\"wp-block-themeisle-blocks-form-bb98feb4_nonce_field\" value=\"dea7a2e748\" \/><input type=\"hidden\" name=\"_wp_http_referer\" value=\"\/index.php?rest_route=%2Fwp%2Fv2%2Fpages%2F82\" \/><input class=\"o-anti-bot\" type=\"checkbox\"><\/div><div class=\"wp-block-button\"><button class=\"wp-block-button__link\" type=\"submit\">Send me the survey<\/button><\/div><\/form><\/div>\n<\/div><\/div><\/div><\/div>\n","protected":false},"excerpt":{"rendered":"","protected":false},"author":1,"featured_media":0,"parent":0,"menu_order":0,"comment_status":"closed","ping_status":"closed","template":"page-templates\/template-pagebuilder-full-width.php","meta":{"neve_meta_sidebar":"full-width","neve_meta_container":"default","neve_meta_enable_content_width":"on","neve_meta_content_width":80,"neve_meta_title_alignment":"","neve_meta_author_avatar":"","neve_post_elements_order":"","neve_meta_disable_header":"","neve_meta_disable_footer":"","neve_meta_disable_title":"on","_themeisle_gutenberg_block_has_review":false,"footnotes":""},"class_list":["post-82","page","type-page","status-publish","hentry"],"_links":{"self":[{"href":"https:\/\/abflussreinigendortmund.de\/index.php?rest_route=\/wp\/v2\/pages\/82","targetHints":{"allow":["GET"]}}],"collection":[{"href":"https:\/\/abflussreinigendortmund.de\/index.php?rest_route=\/wp\/v2\/pages"}],"about":[{"href":"https:\/\/abflussreinigendortmund.de\/index.php?rest_route=\/wp\/v2\/types\/page"}],"author":[{"embeddable":true,"href":"https:\/\/abflussreinigendortmund.de\/index.php?rest_route=\/wp\/v2\/users\/1"}],"replies":[{"embeddable":true,"href":"https:\/\/abflussreinigendortmund.de\/index.php?rest_route=%2Fwp%2Fv2%2Fcomments&post=82"}],"version-history":[{"count":6,"href":"https:\/\/abflussreinigendortmund.de\/index.php?rest_route=\/wp\/v2\/pages\/82\/revisions"}],"predecessor-version":[{"id":1506,"href":"https:\/\/abflussreinigendortmund.de\/index.php?rest_route=\/wp\/v2\/pages\/82\/revisions\/1506"}],"wp:attachment":[{"href":"https:\/\/abflussreinigendortmund.de\/index.php?rest_route=%2Fwp%2Fv2%2Fmedia&parent=82"}],"curies":[{"name":"wp","href":"https:\/\/api.w.org\/{rel}","templated":true}]}}