{"id":161,"date":"2020-08-24T09:05:58","date_gmt":"2020-08-24T09:05:58","guid":{"rendered":"https:\/\/demosites.io\/coding-school-gb-2\/?page_id=161"},"modified":"2026-01-28T11:32:55","modified_gmt":"2026-01-28T11:32:55","slug":"f0eed-contact","status":"publish","type":"page","link":"https:\/\/abflussreinigendortmund.de\/?page_id=161","title":{"rendered":"Kontakt"},"content":{"rendered":"\n<section id=\"wp-block-themeisle-blocks-advanced-columns-e7931e5c\" class=\"wp-block-themeisle-blocks-advanced-columns alignfull has-1-columns has-desktop-equal-layout has-tablet-equal-layout has-mobile-collapsedRows-layout has-vertical-unset has-vertical-undefined ticss-36757918\"><div class=\"wp-block-themeisle-blocks-advanced-columns-overlay\"><\/div><div class=\"innerblocks-wrap\">\n<div id=\"wp-block-themeisle-blocks-advanced-column-311d4b3f\" class=\"wp-block-themeisle-blocks-advanced-column has-dark-bg\"><div class=\"wp-block-image\">\n<figure class=\"aligncenter size-full\"><img loading=\"lazy\" decoding=\"async\" width=\"700\" height=\"467\" src=\"https:\/\/abflussreinigendortmund.de\/wp-content\/uploads\/2026\/01\/Abflussreinigen-Dortmund-Haufig-gestellte-Fragen.webp\" alt=\"Abflussreinigen Dortmund H\u00e4ufig gestellte Fragen\" class=\"wp-image-1472\" srcset=\"https:\/\/abflussreinigendortmund.de\/wp-content\/uploads\/2026\/01\/Abflussreinigen-Dortmund-Haufig-gestellte-Fragen.webp 700w, https:\/\/abflussreinigendortmund.de\/wp-content\/uploads\/2026\/01\/Abflussreinigen-Dortmund-Haufig-gestellte-Fragen-300x200.webp 300w\" sizes=\"auto, (max-width: 700px) 100vw, 700px\" \/><\/figure>\n<\/div>\n\n\n<div style=\"height:20px\" aria-hidden=\"true\" class=\"wp-block-spacer\"><\/div>\n\n\n\n<h3 class=\"wp-block-heading has-text-align-center\"><strong>Abflussreinigen<\/strong> Dortmund<\/h3>\n\n\n\n<p class=\"has-text-align-center\"><a href=\"tel:4915792494307\" data-type=\"tel\" data-id=\"tel:4915792494307\">0157 9249 43 07<\/a><\/p>\n\n\n\n<p class=\"has-text-align-center\">Ruf uns an<\/p>\n<\/div>\n<\/div><\/section>\n\n\n\n<div id=\"wp-block-themeisle-blocks-advanced-columns-55b78b58\" class=\"wp-block-themeisle-blocks-advanced-columns alignfull has-3-columns hide-in-desktop hide-in-tablet hide-in-mobile has-vertical-center ticss-c00aadba has-dark-bg\"><div class=\"wp-block-themeisle-blocks-advanced-columns-overlay\"><\/div><div class=\"innerblocks-wrap\">\n<div id=\"wp-block-themeisle-blocks-advanced-column-d16eef57\" class=\"wp-block-themeisle-blocks-advanced-column\">\n<div id=\"wp-block-themeisle-blocks-font-awesome-icons-2103d68e\" class=\"wp-block-themeisle-blocks-font-awesome-icons\"><span class=\"wp-block-themeisle-blocks-font-awesome-icons-container\"><i class=\"fab fa-twitter\"><\/i><\/span><\/div>\n\n\n\n<h3 id=\"wp-block-themeisle-blocks-advanced-heading-af4a6933\" class=\"wp-block-themeisle-blocks-advanced-heading wp-block-themeisle-blocks-advanced-heading-af4a6933\">Follow on Twitter<\/h3>\n\n\n\n<p class=\"has-text-align-center\">Sed ut perspiciatis unde omnis natus error sit voluptatem accusantium.<\/p>\n<\/div>\n\n\n\n<div id=\"wp-block-themeisle-blocks-advanced-column-bd1b0b6b\" class=\"wp-block-themeisle-blocks-advanced-column\">\n<div id=\"wp-block-themeisle-blocks-font-awesome-icons-cebe6eb8\" class=\"wp-block-themeisle-blocks-font-awesome-icons\"><span class=\"wp-block-themeisle-blocks-font-awesome-icons-container\"><i class=\"fab fa-instagram\"><\/i><\/span><\/div>\n\n\n\n<h3 id=\"wp-block-themeisle-blocks-advanced-heading-112ba0b0\" class=\"wp-block-themeisle-blocks-advanced-heading wp-block-themeisle-blocks-advanced-heading-112ba0b0\">Instagram<\/h3>\n\n\n\n<p class=\"has-text-align-center\">Sed ut perspiciatis unde omnis natus error sit voluptatem accusantium.<\/p>\n<\/div>\n\n\n\n<div id=\"wp-block-themeisle-blocks-advanced-column-07b3d357\" class=\"wp-block-themeisle-blocks-advanced-column\">\n<div id=\"wp-block-themeisle-blocks-font-awesome-icons-fe3ab66f\" class=\"wp-block-themeisle-blocks-font-awesome-icons\"><span class=\"wp-block-themeisle-blocks-font-awesome-icons-container\"><i class=\"fab fa-youtube\"><\/i><\/span><\/div>\n\n\n\n<h3 id=\"wp-block-themeisle-blocks-advanced-heading-c1dd424b\" class=\"wp-block-themeisle-blocks-advanced-heading wp-block-themeisle-blocks-advanced-heading-c1dd424b\">Youtube<\/h3>\n\n\n\n<p class=\"has-text-align-center\">Sed ut perspiciatis unde omnis natus error sit voluptatem accusantium.<\/p>\n<\/div>\n<\/div><\/div>\n\n\n\n<section id=\"wp-block-themeisle-blocks-advanced-columns-debe9c02\" class=\"wp-block-themeisle-blocks-advanced-columns alignfull has-2-columns hide-in-desktop hide-in-tablet hide-in-mobile has-vertical-flex-start has-dark-bg\"><div class=\"wp-block-themeisle-blocks-advanced-columns-overlay\"><\/div><div class=\"innerblocks-wrap\">\n<div id=\"wp-block-themeisle-blocks-advanced-column-1cf06e66\" class=\"wp-block-themeisle-blocks-advanced-column\">\n<h2 class=\"wp-block-heading has-nv-text-dark-bg-color has-text-color\">Senden Sie uns eine Nachricht \u00fcber dieses Formular.<\/h2>\n\n\n\n<p class=\"has-text-align-left has-nv-text-dark-bg-color has-text-color\">Senden Sie uns \u00fcber dieses Formular eine E-Mail, und wir melden uns mit weiteren Informationen bei Ihnen!<\/p>\n<\/div>\n\n\n\n<div id=\"wp-block-themeisle-blocks-advanced-column-ae7fbdf5\" class=\"wp-block-themeisle-blocks-advanced-column\">\n<div id=\"wp-block-themeisle-blocks-form-47ee69a0\" class=\"wp-block-themeisle-blocks-form\" data-option-name=\"bf9b28ff82ce323187abc5d0feb0d8f07ecd8436_47ee69a0\"><form class=\"otter-form__container\">\n<div id=\"wp-block-themeisle-blocks-form-input-53685356\" class=\"wp-block-themeisle-blocks-form-input\"><label for=\"wp-block-themeisle-blocks-form-input-53685356-input\" class=\"otter-form-input-label\"><span class=\"otter-form-input-label__label\">Name<\/span><\/label><input type=\"text\" id=\"wp-block-themeisle-blocks-form-input-53685356-input\" class=\"otter-form-input\"\/><\/div>\n\n\n\n<div id=\"wp-block-themeisle-blocks-form-input-e8c93241\" class=\"wp-block-themeisle-blocks-form-input\"><label for=\"wp-block-themeisle-blocks-form-input-e8c93241-input\" class=\"otter-form-input-label\"><span class=\"otter-form-input-label__label\">Email<\/span><\/label><input type=\"email\" id=\"wp-block-themeisle-blocks-form-input-e8c93241-input\" class=\"otter-form-input\"\/><\/div>\n\n\n\n<div id=\"wp-block-themeisle-blocks-form-textarea-65e4173b\" class=\"wp-block-themeisle-blocks-form-textarea\"><label for=\"wp-block-themeisle-blocks-form-textarea-65e4173b-input\" class=\"otter-form-textarea-label\"><span class=\"otter-form-textarea-label__label\">Nachricht<\/span><\/label><textarea id=\"wp-block-themeisle-blocks-form-textarea-65e4173b-input\" rows=\"10\" class=\"otter-form-textarea-input\"><\/textarea><\/div>\n\n\n\n<p class=\"has-nv-text-dark-bg-color has-text-color has-extra-small-font-size\">Ich stimme den Datenschutzbestimmungen und den Nutzungsbedingungen zu.<\/p>\n\n\n<div class=\"protection\" aria-hidden=\"true\"><input type=\"hidden\" id=\"wp-block-themeisle-blocks-form-47ee69a0_nonce_field\" name=\"wp-block-themeisle-blocks-form-47ee69a0_nonce_field\" value=\"dea7a2e748\" \/><input type=\"hidden\" name=\"_wp_http_referer\" value=\"\/index.php?rest_route=%2Fwp%2Fv2%2Fpages%2F161\" \/><input class=\"o-anti-bot\" type=\"checkbox\"><\/div><div class=\"wp-block-button\"><button class=\"wp-block-button__link\" type=\"submit\">Send message<\/button><\/div><\/form><\/div>\n<\/div>\n<\/div><\/section>\n\n\n\n<section id=\"faq\" class=\"wp-block-themeisle-blocks-advanced-columns alignfull has-2-columns has-desktop-equal-layout has-tablet-equal-layout has-mobile-collapsedRows-layout has-vertical-flex-start has-dark-bg\"><div class=\"wp-block-themeisle-blocks-advanced-columns-overlay\"><\/div><div class=\"innerblocks-wrap\">\n<div id=\"wp-block-themeisle-blocks-advanced-column-d0c0fa28\" class=\"wp-block-themeisle-blocks-advanced-column\">\n<div id=\"wp-block-themeisle-blocks-advanced-heading-5d5be4f2\" class=\"wp-block-themeisle-blocks-advanced-heading wp-block-themeisle-blocks-advanced-heading-5d5be4f2\"><strong>Haben Sie Fragen?<\/strong><\/div>\n\n\n\n<h2 id=\"wp-block-themeisle-blocks-advanced-heading-a11cb4bf\" class=\"wp-block-themeisle-blocks-advanced-heading wp-block-themeisle-blocks-advanced-heading-a11cb4bf\"><strong>H\u00e4ufig gestellte Fragen (FAQ)<\/strong><br><\/h2>\n<\/div>\n\n\n\n<div id=\"wp-block-themeisle-blocks-advanced-column-5a68c115\" class=\"wp-block-themeisle-blocks-advanced-column has-dark-bg\">\n<div id=\"wp-block-themeisle-blocks-accordion-e8a6895d\" data-has-schema=\"true\" class=\"wp-block-themeisle-blocks-accordion exclusive has-gap has-dark-content-bg\">\n<details class=\"wp-block-themeisle-blocks-accordion-item\"><summary class=\"wp-block-themeisle-blocks-accordion-item__title\"><h3>Wie erkenne ich, dass mein Abfluss verstopft ist?<\/h3><\/summary><div class=\"wp-block-themeisle-blocks-accordion-item__content\">\n<p>Ein verstopfter Abfluss zeigt sich meist durch <strong>langsames Abflie\u00dfen von Wasser<\/strong>, unangenehme Ger\u00fcche oder gurgelnde Ger\u00e4usche. Wenn Wasser in der Sp\u00fcle, Dusche oder Toilette stehen bleibt, ist es Zeit, <strong>professionelle Abflussreinigung in Dortmund<\/strong> in Anspruch zu nehmen, um gr\u00f6\u00dfere Sch\u00e4den zu vermeiden.<\/p>\n<\/div><\/details>\n\n\n\n<details class=\"wp-block-themeisle-blocks-accordion-item\"><summary class=\"wp-block-themeisle-blocks-accordion-item__title\"><h3>Welche Methoden verwendet Ihr f\u00fcr die Abflussreinigung?<\/h3><\/summary><div class=\"wp-block-themeisle-blocks-accordion-item__content\">\n<p>Wir setzen auf moderne und effektive Techniken:<\/p>\n\n\n\n<p>Zus\u00e4tzlich bieten wir pr\u00e4ventive Wartungen, damit zuk\u00fcnftige Verstopfungen vermieden werden.<\/p>\n\n\n\n<p><strong>Mechanische Rohrreinigung<\/strong> f\u00fcr hartn\u00e4ckige Ablagerungen<\/p>\n\n\n\n<p><strong>Hochdruck-Abflussreinigung<\/strong> f\u00fcr gr\u00fcndliche Sauberkeit<\/p>\n\n\n\n<p><strong>Rohr- und Kanalinspektion mit Kamera<\/strong> zur genauen Ursachenanalyse<\/p>\n<\/div><\/details>\n\n\n\n<details class=\"wp-block-themeisle-blocks-accordion-item\"><summary class=\"wp-block-themeisle-blocks-accordion-item__title\"><h3>Bieten Sie einen Notdienst f\u00fcr verstopfte Abfl\u00fcsse in Dortmund an?<\/h3><\/summary><div class=\"wp-block-themeisle-blocks-accordion-item__content\">\n<p>Ja, wir haben einen <strong>24-Stunden-Notdienst<\/strong>, auch an Wochenenden und Feiertagen. Egal ob <strong>\u00fcberlaufende Toilette, Waschbecken oder vollgelaufener Keller<\/strong>, unser Team ist schnell vor Ort und beseitigt Verstopfungen zuverl\u00e4ssig.<\/p>\n<\/div><\/details>\n<\/div>\n<\/div>\n<\/div><\/section>\n","protected":false},"excerpt":{"rendered":"","protected":false},"author":1,"featured_media":0,"parent":0,"menu_order":0,"comment_status":"closed","ping_status":"closed","template":"page-templates\/template-pagebuilder-full-width.php","meta":{"neve_meta_sidebar":"full-width","neve_meta_container":"","neve_meta_enable_content_width":"on","neve_meta_content_width":100,"neve_meta_title_alignment":"","neve_meta_author_avatar":"","neve_post_elements_order":"","neve_meta_disable_header":"","neve_meta_disable_footer":"","neve_meta_disable_title":"off","_themeisle_gutenberg_block_has_review":false,"footnotes":""},"class_list":["post-161","page","type-page","status-publish","hentry"],"_links":{"self":[{"href":"https:\/\/abflussreinigendortmund.de\/index.php?rest_route=\/wp\/v2\/pages\/161","targetHints":{"allow":["GET"]}}],"collection":[{"href":"https:\/\/abflussreinigendortmund.de\/index.php?rest_route=\/wp\/v2\/pages"}],"about":[{"href":"https:\/\/abflussreinigendortmund.de\/index.php?rest_route=\/wp\/v2\/types\/page"}],"author":[{"embeddable":true,"href":"https:\/\/abflussreinigendortmund.de\/index.php?rest_route=\/wp\/v2\/users\/1"}],"replies":[{"embeddable":true,"href":"https:\/\/abflussreinigendortmund.de\/index.php?rest_route=%2Fwp%2Fv2%2Fcomments&post=161"}],"version-history":[{"count":3,"href":"https:\/\/abflussreinigendortmund.de\/index.php?rest_route=\/wp\/v2\/pages\/161\/revisions"}],"predecessor-version":[{"id":1473,"href":"https:\/\/abflussreinigendortmund.de\/index.php?rest_route=\/wp\/v2\/pages\/161\/revisions\/1473"}],"wp:attachment":[{"href":"https:\/\/abflussreinigendortmund.de\/index.php?rest_route=%2Fwp%2Fv2%2Fmedia&parent=161"}],"curies":[{"name":"wp","href":"https:\/\/api.w.org\/{rel}","templated":true}]}}