{"id":148,"date":"2020-08-21T13:35:29","date_gmt":"2020-08-21T13:35:29","guid":{"rendered":"https:\/\/demosites.io\/coding-school-gb-2\/?page_id=148"},"modified":"2026-01-29T13:01:50","modified_gmt":"2026-01-29T13:01:50","slug":"f0eed-about","status":"publish","type":"page","link":"https:\/\/abflussreinigendortmund.de\/?page_id=148","title":{"rendered":"\u00dcber uns"},"content":{"rendered":"\n<div id=\"wp-block-themeisle-blocks-advanced-columns-3a632c5b\" class=\"wp-block-themeisle-blocks-advanced-columns alignfull has-3-columns has-desktop-equal-layout has-tablet-equal-layout has-mobile-collapsedRows-layout has-vertical-top ticss-c00aadba has-dark-bg\"><div class=\"wp-block-themeisle-blocks-advanced-columns-overlay\"><\/div><div class=\"innerblocks-wrap\">\n<div id=\"wp-block-themeisle-blocks-advanced-column-1afaade9\" class=\"wp-block-themeisle-blocks-advanced-column\">\n<h2 id=\"wp-block-themeisle-blocks-advanced-heading-dd1eb2f7\" class=\"wp-block-themeisle-blocks-advanced-heading wp-block-themeisle-blocks-advanced-heading-dd1eb2f7\"><strong>Ihr zuverl\u00e4ssiger Partner f\u00fcr saubere Abfl\u00fcsse<\/strong><\/h2>\n\n\n\n<div class=\"wp-block-buttons is-layout-flex wp-block-buttons-is-layout-flex\">\n<div class=\"wp-block-button is-style-primary\"><a class=\"wp-block-button__link wp-element-button\" href=\"tel:+4915792494307\">0157 9249 43 07<\/a><\/div>\n<\/div>\n<\/div>\n\n\n\n<div id=\"wp-block-themeisle-blocks-advanced-column-7ca824fc\" class=\"wp-block-themeisle-blocks-advanced-column\">\n<div class=\"wp-block-group\"><div class=\"wp-block-group__inner-container is-layout-flow wp-block-group-is-layout-flow\">\n<div id=\"wp-block-themeisle-blocks-font-awesome-icons-b054855b\" class=\"wp-block-themeisle-blocks-font-awesome-icons\"><span class=\"wp-block-themeisle-blocks-font-awesome-icons-container\"><svg xmlns=\"http:\/\/www.w3.org\/2000\/svg\" viewBox=\"0 0 1800 1800\"><path d=\"M900.114,54.882c-329.509,0-597.583,268.077-597.583,597.59c0,219.592,118.159,418.518,309.714,523.794 v152.835h-0.127v122.121h-0.172v185.238h172.682c3.58,60.518,53.924,108.656,115.315,108.656 c61.39,0,111.736-48.139,115.31-108.656h172.571v-122.122h0.177v-185.237h-0.019v-152.835 c191.557-105.276,309.715-304.203,309.715-523.794C1497.697,322.959,1229.623,54.882,900.114,54.882z M675.235,1392.218h449.649 v59.005H675.235V1392.218z M899.943,1682.002c-29.441,0-48.627-22.507-51.876-45.541h103.788 C948.464,1662.119,926.504,1682.002,899.943,1682.002z M1124.708,1573.344H675.063v-59.005h449.645V1573.344z M1142.116,1129.132 l-17.25,8.778v189.457H931.559V861l187.201-187.21c12.323-12.323,12.323-32.302-0.005-44.63 c-12.318-12.318-32.302-12.323-44.629,0.004L900,803.299L725.875,629.165c-12.323-12.323-32.307-12.328-44.63-0.004 c-12.328,12.328-12.328,32.307-0.005,44.63L868.441,861v466.367H675.362V1137.91l-17.249-8.778 c-180.4-91.778-292.465-274.427-292.465-476.66c0-294.71,239.761-534.471,534.466-534.471 c294.706,0,534.466,239.761,534.466,534.471C1434.58,854.705,1322.516,1037.354,1142.116,1129.132z\"><\/path><path d=\"M1066.667,246.225c-17.43,0-31.558,14.128-31.558,31.559s14.128,31.558,31.558,31.558 c49.641,0,165.99,59.634,165.99,175.279c0,17.431,14.128,31.559,31.558,31.559c17.431,0,31.559-14.128,31.559-31.559 C1295.773,328.101,1146.624,246.225,1066.667,246.225z\"><\/path><path d=\"M209.331,712.881c0-17.43-14.128-31.558-31.558-31.558H34.686c-17.43,0-31.558,14.128-31.558,31.558 s14.128,31.558,31.558,31.558h143.087C195.203,744.439,209.331,730.312,209.331,712.881z\"><\/path><path d=\"M220.157,300.096c6.164,6.163,14.239,9.245,22.317,9.245c8.075,0,16.153-3.082,22.313-9.241 c12.328-12.328,12.328-32.307,0.004-44.629L163.623,154.297c-12.318-12.319-32.303-12.323-44.63-0.004 c-12.327,12.327-12.327,32.307-0.004,44.63L220.157,300.096z\"><\/path><path d=\"M220.17,1125.662l-101.178,101.174c-12.327,12.327-12.327,32.307-0.004,44.634 c6.164,6.164,14.238,9.246,22.317,9.246c8.074,0,16.153-3.082,22.312-9.246l101.179-101.173 c12.327-12.327,12.327-32.307,0.004-44.625C252.478,1113.344,232.493,1113.344,220.17,1125.662z\"><\/path><path d=\"M1765.314,681.323h-143.083c-17.43,0-31.559,14.128-31.559,31.558s14.129,31.558,31.559,31.558h143.083 c17.43,0,31.558-14.128,31.558-31.558S1782.744,681.323,1765.314,681.323z\"><\/path><path d=\"M1557.521,309.341c8.074,0,16.153-3.082,22.316-9.241l101.174-101.173 c12.322-12.327,12.322-32.307,0-44.634c-12.328-12.319-32.307-12.319-44.635,0l-101.173,101.173 c-12.323,12.328-12.323,32.307,0,44.634C1541.368,306.259,1549.447,309.341,1557.521,309.341z\"><\/path><path d=\"M1579.829,1125.662c-12.318-12.318-32.302-12.318-44.63,0.01c-12.323,12.318-12.323,32.298,0.005,44.625 l101.178,101.173c6.159,6.164,14.238,9.246,22.312,9.246c8.075,0,16.154-3.082,22.318-9.246 c12.322-12.327,12.322-32.307-0.005-44.634L1579.829,1125.662z\"><\/path><\/svg><\/span><\/div>\n\n\n\n<h3 id=\"wp-block-themeisle-blocks-advanced-heading-bb84b8a8\" class=\"wp-block-themeisle-blocks-advanced-heading wp-block-themeisle-blocks-advanced-heading-bb84b8a8\">Wer wir sind<\/h3>\n\n\n\n<p class=\"has-text-align-center\">Abflussreinigung Dortmund ist ein lokaler Fachbetrieb f\u00fcr schnelle und professionelle Abfluss- und Rohrreinigung in Dortmund und Umgebung<\/p>\n\n\n\n<div class=\"wp-block-group\"><div class=\"wp-block-group__inner-container is-layout-flow wp-block-group-is-layout-flow\">\n<div id=\"wp-block-themeisle-blocks-font-awesome-icons-28fdd56c\" class=\"wp-block-themeisle-blocks-font-awesome-icons\"><span class=\"wp-block-themeisle-blocks-font-awesome-icons-container\"><svg xmlns=\"http:\/\/www.w3.org\/2000\/svg\" viewBox=\"0 0 1800 1800\"><path d=\"M899.996,13.388c-488.883,0-886.611,397.732-886.611,886.615c0,297.415,147.216,561.092,372.596,722.011 c14.883,10.622,30.131,20.758,45.673,30.469c101.1,63.151,215.747,106.507,338.525,124.601 c42.384,6.248,85.723,9.529,129.816,9.529c44.084,0,87.423-3.281,129.808-9.529c122.778-18.094,237.434-61.449,338.525-124.592 c15.542-9.711,30.799-19.855,45.682-30.478c225.389-160.919,372.604-424.596,372.604-722.011 C1786.615,411.12,1388.879,13.388,899.996,13.388z M899.996,1724.407c-163.127,0-315.337-47.626-443.461-129.704 c58.621-107.8,176.409-191.24,323.694-221.345v22.277l119.594,66.448l119.932-66.431v-22.295 c147.285,30.104,265.074,113.545,323.694,221.345C1215.324,1676.781,1063.118,1724.407,899.996,1724.407z M554.979,912.854 c-15.75-5.685-27.058-20.743-27.058-38.429c0-17.69,11.308-32.751,27.058-38.44v9.194V912.854z M1238.035,845.179v-8.769 c15.144,6.001,25.896,20.758,25.896,38.001c0,17.261-10.752,32.021-25.896,38.017V845.179z M1212.461,711.77 c-2.014,9.963-4.564,19.813-7.654,29.489c-61.936-32.053-146.322-67.303-235.16-79.466 c-155.131-21.218-168.833-29.74-183.829-73.174l-12.957-37.516l-29.723,26.291c-0.894,0.789-80.681,71.251-161.344,136.272 c-11.984-42.575-13.798-86.934-5.103-130.046c27.397-135.974,156.441-234.666,306.824-234.666c23.249,0,46.749,2.365,69.859,7.017 c85.297,17.195,159.218,63.936,208.153,131.617C1210.005,554.617,1228.081,634.235,1212.461,711.77z M608.063,845.179V817.6 v-56.933c55.635-44.597,111.831-92.696,143.719-120.336c30.452,47.001,85.592,56.964,210.67,74.073 c86.504,11.833,170.369,49.166,222.49,76.398V817.6v27.579v94.646c0,159.053-129.399,288.436-288.436,288.436 c-159.044,0-288.444-129.383-288.444-288.436V845.179z M833.33,1310.867V1275.4c20.489,3.853,41.586,5.962,63.177,5.962 c24.048,0,47.505-2.534,70.154-7.281v36.786v30.843v22.649l-66.796,36.995l-66.535-36.969v-22.676V1310.867z M1387.403,1564.451 c-68.34-121.537-201.975-214.22-367.649-245.175v-61.016c119.42-46.385,206.444-158.038,217.075-290.979 c45.291-6.708,80.194-45.742,80.194-92.871c0-43.972-30.399-80.88-71.265-91.081c8.175-19.678,14.536-40.158,18.745-61.06 c18.588-92.227-2.699-186.615-59.94-265.794c-56.781-78.533-142.27-132.711-240.705-152.558 c-26.547-5.354-53.57-8.062-80.343-8.062c-84.273,0-166.412,27.106-231.29,76.333c-66.301,50.303-111.619,121.676-127.595,200.942 c-13.13,65.121-6.196,132.494,20.021,194.854l5.997,14.245c-43.156,8.487-75.838,46.576-75.838,92.192 c0,47.533,35.52,86.844,81.383,93.041c10.909,135.439,101.083,248.828,224.035,293.486v58.325 c-165.679,30.955-299.3,123.638-367.641,245.175C208.383,1414.259,75.59,1172.364,75.59,900.003 c0-454.583,369.827-824.41,824.406-824.41s824.415,369.828,824.415,824.41C1724.41,1172.364,1591.608,1414.259,1387.403,1564.451z\"><\/path><\/svg><\/span><\/div>\n\n\n\n<h3 id=\"wp-block-themeisle-blocks-advanced-heading-29da5aa9\" class=\"wp-block-themeisle-blocks-advanced-heading wp-block-themeisle-blocks-advanced-heading-29da5aa9\">Unsere Arbeitsweise<\/h3>\n\n\n\n<p class=\"has-text-align-center\">Mit moderner Technik und effizienten Methoden beheben wir Probleme gr\u00fcndlich, schnell und ohne unn\u00f6tige Sch\u00e4den<\/p>\n<\/div><\/div>\n<\/div><\/div>\n<\/div>\n\n\n\n<div id=\"wp-block-themeisle-blocks-advanced-column-1a6a4a66\" class=\"wp-block-themeisle-blocks-advanced-column\">\n<div class=\"wp-block-group\"><div class=\"wp-block-group__inner-container is-layout-flow wp-block-group-is-layout-flow\">\n<div id=\"wp-block-themeisle-blocks-font-awesome-icons-4af01ae9\" class=\"wp-block-themeisle-blocks-font-awesome-icons\"><span class=\"wp-block-themeisle-blocks-font-awesome-icons-container\"><svg xmlns=\"http:\/\/www.w3.org\/2000\/svg\" viewBox=\"0 0 1800 1800\"><path d=\"M1590.487,1148.496V645.409C1648.671,631.251,1692,578.732,1692,516.255 c0-73.311-59.631-132.951-132.941-132.951c-38.059,0-72.407,16.104-96.673,41.83l-437.927-252.835 c3.481-11.86,5.375-24.388,5.375-37.357C1029.834,61.64,970.203,2,896.895,2c-73.302,0-132.941,59.64-132.941,132.942 c0,12.969,1.903,25.497,5.384,37.357L331.416,425.129c-24.255-25.725-58.609-41.825-96.667-41.825 c-73.311,0-132.95,59.64-132.95,132.951c0,62.472,43.333,114.991,101.512,129.154v503.093 c-58.179,14.161-101.512,66.68-101.512,129.156c0,73.302,59.639,132.942,132.95,132.942c36.406,0,69.431-14.72,93.467-38.51 l441.122,254.681c-3.481,11.86-5.384,24.388-5.384,37.356c0,73.304,59.64,132.942,132.941,132.942 c73.309,0,132.939-59.639,132.939-132.942c0-12.969-1.894-25.496-5.375-37.356l441.128-254.69 c24.036,23.796,57.062,38.52,93.472,38.52c73.311,0,132.941-59.641,132.941-132.942 C1692,1215.178,1648.671,1162.653,1590.487,1148.496z M1489.476,1285.709c-0.299-2.645-0.5-5.323-0.5-8.051 c0-27.333,15.766-51.006,38.645-62.555c9.473-4.78,20.126-7.533,31.438-7.533c11.304,0,21.958,2.753,31.42,7.529 c22.896,11.545,38.664,35.216,38.664,62.559c0,38.646-31.438,70.084-70.084,70.084c-12.742,0-24.659-3.473-34.963-9.439 C1505.347,1327.45,1492.061,1308.205,1489.476,1285.709z M1519.764,458.255c11.216-7.625,24.738-12.093,39.295-12.093 c38.646,0,70.084,31.442,70.084,70.093c0,27.338-15.768,51.006-38.655,62.555c-9.462,4.775-20.116,7.528-31.429,7.528 c-11.304,0-21.959-2.753-31.43-7.533c-22.888-11.545-38.653-35.213-38.653-62.551c0-1.048,0.113-2.066,0.156-3.1 C1490.141,490.351,1502.006,470.331,1519.764,458.255z M826.811,134.942c0-38.646,31.438-70.084,70.083-70.084 c38.645,0,70.082,31.438,70.082,70.084c0,1.368-0.123,2.701-0.201,4.051c-1.308,22.747-13.443,42.614-31.396,54.457 c-11.057,7.296-24.272,11.576-38.485,11.576c-14.206,0-27.421-4.28-38.479-11.576c-17.95-11.843-30.087-31.71-31.394-54.457 C826.942,137.643,826.811,136.31,826.811,134.942z M164.656,516.255c0-38.651,31.442-70.093,70.092-70.093 c14.553,0,28.08,4.463,39.295,12.088c17.758,12.071,29.627,32.096,30.631,54.9c0.048,1.035,0.158,2.056,0.158,3.104 c0,27.342-15.772,51.01-38.664,62.559c-9.466,4.771-20.116,7.524-31.42,7.524c-11.312,0-21.971-2.753-31.438-7.533 C180.422,567.257,164.656,543.589,164.656,516.255z M269.707,1338.311c-10.304,5.965-22.221,9.432-34.958,9.432 c-38.65,0-70.092-31.438-70.092-70.084c0-27.337,15.767-51.006,38.654-62.555c9.467-4.78,20.126-7.533,31.438-7.533 c11.304,0,21.954,2.753,31.42,7.523c22.892,11.551,38.664,35.222,38.664,62.564c0,2.731-0.198,5.41-0.5,8.059 C301.741,1308.215,288.46,1327.46,269.707,1338.311z M966.977,1664.128c0,38.646-31.438,70.084-70.082,70.084 c-38.646,0-70.083-31.438-70.083-70.084c0-1.368,0.131-2.704,0.21-4.051c1.307-22.743,13.444-42.615,31.394-54.462 c11.058-7.295,24.273-11.575,38.479-11.575c14.213,0,27.429,4.28,38.485,11.575c17.952,11.847,30.088,31.719,31.396,54.462 C966.854,1661.424,966.977,1662.76,966.977,1664.128z M992.959,1572.372c-24.22-25.349-58.314-41.19-96.064-41.19 c-37.743,0-71.837,15.842-96.059,41.19l-439.614-253.809c4.183-12.892,6.467-26.633,6.467-40.905 c0-62.48-43.337-115.005-101.521-129.162V645.413c58.185-14.158,101.521-66.681,101.521-129.158c0-12.663-1.819-24.905-5.143-36.52 l438.289-253.042c24.221,25.352,58.315,41.189,96.059,41.189c37.75,0,71.845-15.837,96.064-41.189l438.297,253.046 c-3.314,11.61-5.139,23.853-5.139,36.515c0,62.472,43.337,114.991,101.512,129.154l-0.009,503.093 c-58.174,14.161-101.503,66.68-101.503,129.156c0,14.269,2.289,28.004,6.471,40.897L992.959,1572.372z\"><\/path><path d=\"M1264.597,747.992L916.255,475.829c-11.365-8.884-27.332-8.884-38.696,0L529.218,747.992 c-7.63,5.954-12.084,15.092-12.084,24.764c0,233.561,100.426,372.219,184.671,447.416 c91.516,81.682,182.901,107.541,186.742,108.604c2.736,0.753,5.55,1.131,8.357,1.131c2.815,0,5.628-0.378,8.355-1.131 c3.849-1.063,95.225-26.922,186.74-108.604c84.247-75.197,184.673-213.855,184.673-447.416 C1276.672,763.083,1272.216,753.946,1264.597,747.992z M1052.223,1171.406c-65.664,59.303-132.381,86.044-155.372,94.063 c-22.677-7.841-87.754-33.792-153.19-92.195c-105.319-94.003-160.293-223.577-163.521-385.308l316.763-247.491l316.761,247.491 C1210.464,948.58,1156.191,1077.519,1052.223,1171.406z\"><\/path><\/svg><\/span><\/div>\n\n\n\n<h3 id=\"wp-block-themeisle-blocks-advanced-heading-4ded88e0\" class=\"wp-block-themeisle-blocks-advanced-heading wp-block-themeisle-blocks-advanced-heading-4ded88e0\">Unsere Erfahrung<\/h3>\n\n\n\n<p class=\"has-text-align-center\">Wir verf\u00fcgen \u00fcber langj\u00e4hrige Erfahrung und zahlreiche erfolgreich gel\u00f6ste Verstopfungen bei privaten und gewerblichen Kunden<\/p>\n\n\n\n<div class=\"wp-block-group\"><div class=\"wp-block-group__inner-container is-layout-flow wp-block-group-is-layout-flow\">\n<div id=\"wp-block-themeisle-blocks-font-awesome-icons-45d15e9c\" class=\"wp-block-themeisle-blocks-font-awesome-icons\"><span class=\"wp-block-themeisle-blocks-font-awesome-icons-container\"><svg xmlns=\"http:\/\/www.w3.org\/2000\/svg\" viewBox=\"0 0 1800 1800\"><path d=\"M1203.175,843.2c-17.272,0-31.273-14-31.273-31.273c0-116.959-117.688-177.271-167.899-177.271 c-17.272,0-31.273-14.001-31.273-31.273s14.001-31.272,31.273-31.272c80.425,0,230.445,82.364,230.445,239.817 C1234.447,829.2,1220.447,843.2,1203.175,843.2z\"><\/path><path d=\"M1012.309,1788.987H787.691c-15.351,0-28.433-11.143-30.876-26.299l-30.721-190.718 c-62.62-16.151-122.402-40.937-178.231-73.885L391.23,1611.258c-12.442,8.983-29.575,7.622-40.428-3.237l-158.825-158.829 c-10.855-10.854-12.227-27.983-3.235-40.427l113.17-156.626c-32.943-55.81-57.731-115.603-73.889-178.231l-190.716-30.723 c-15.156-2.443-26.299-15.523-26.299-30.876V787.688c0-15.353,11.143-28.433,26.299-30.876l190.716-30.717 c16.157-62.633,40.945-122.426,73.887-178.237L188.742,391.235c-8.992-12.443-7.62-29.571,3.235-40.429l158.825-158.834 c10.856-10.854,27.989-12.225,40.428-3.235l156.631,113.17c55.823-32.951,115.604-57.731,178.233-73.885l30.721-190.711 c2.443-15.157,15.525-26.299,30.876-26.299h224.617c15.353,0,28.433,11.143,30.876,26.299l30.723,190.713 c62.629,16.151,122.418,40.938,178.231,73.889l156.631-113.172c12.438-8.994,29.563-7.62,40.431,3.235l158.825,158.829 c10.854,10.855,12.225,27.985,3.232,40.429L1498.09,547.861c32.957,55.832,57.738,115.611,73.89,178.233l190.713,30.717 c15.156,2.443,26.3,15.523,26.3,30.876v224.621c0,15.353-11.144,28.433-26.3,30.876l-190.718,30.723 c-16.155,62.629-40.94,122.422-73.885,178.231l113.168,156.631c8.992,12.442,7.622,29.571-3.232,40.431L1449.2,1608.025 c-10.855,10.859-27.988,12.22-40.431,3.232l-156.64-113.172c-55.81,32.943-115.598,57.729-178.223,73.88l-30.723,190.723 C1040.741,1777.845,1027.661,1788.987,1012.309,1788.987z M814.331,1726.441h171.338l29.794-184.958 c2.033-12.613,11.535-22.727,24-25.536c70.089-15.798,136.509-43.327,197.41-81.83c10.789-6.827,24.659-6.404,35.025,1.087 l151.91,109.756l121.151-121.151l-109.752-151.901c-7.482-10.357-7.914-24.223-1.086-35.025 c38.498-60.901,66.031-127.325,81.843-197.423c2.81-12.465,12.918-21.963,25.531-23.996l184.95-29.794V814.327l-184.95-29.79 c-12.613-2.033-22.727-11.535-25.536-24c-15.793-70.076-43.327-136.498-81.838-197.419c-6.828-10.8-6.396-24.667,1.086-35.025 l109.752-151.897L1423.809,255.04l-151.901,109.756c-10.362,7.482-24.231,7.912-35.029,1.084 c-60.901-38.504-127.321-66.041-197.415-81.838c-12.465-2.81-21.967-12.918-24-25.533l-29.794-184.95h-171.34l-29.792,184.945 c-2.033,12.615-11.533,22.724-23.998,25.534c-70.089,15.802-136.511,43.336-197.421,81.836 c-10.805,6.828-24.667,6.394-35.025-1.086L376.192,255.036L255.04,376.196l109.752,151.893 c7.484,10.357,7.914,24.225,1.086,35.025c-38.495,60.898-66.031,127.323-81.84,197.428 c-2.813,12.462-12.921,21.962-25.534,23.995l-184.95,29.79v171.342l184.95,29.794c12.613,2.033,22.722,11.531,25.534,23.996 c15.806,70.098,43.342,136.521,81.84,197.423c6.828,10.803,6.398,24.668-1.086,35.025L255.04,1423.804l121.152,121.156 l151.901-109.756c10.353-7.486,24.223-7.919,35.023-1.087c60.923,38.503,127.345,66.036,197.423,81.839 c12.464,2.81,21.964,12.918,23.998,25.531L814.331,1726.441z\"><\/path><path d=\"M900,1380.974c-265.211,0-480.978-215.769-480.978-480.982c0-265.211,215.767-480.978,480.978-480.978 c265.218,0,480.987,215.767,480.987,480.978C1380.987,1165.205,1165.218,1380.974,900,1380.974z M900,481.56 c-230.725,0-418.432,187.707-418.432,418.432c0,230.726,187.708,418.437,418.432,418.437 c230.729,0,418.441-187.711,418.441-418.437C1318.441,669.267,1130.729,481.56,900,481.56z\"><\/path><\/svg><\/span><\/div>\n\n\n\n<h3 id=\"wp-block-themeisle-blocks-advanced-heading-b45a7c51\" class=\"wp-block-themeisle-blocks-advanced-heading wp-block-themeisle-blocks-advanced-heading-b45a7c51\">Warum wir<\/h3>\n\n\n\n<p class=\"has-text-align-center\">Zuverl\u00e4ssigkeit, transparente Preise und ein 24\/7-Notdienst machen uns zur richtigen Wahl im Notfall<\/p>\n<\/div><\/div>\n<\/div><\/div>\n<\/div>\n<\/div><\/div>\n\n\n\n<div id=\"wp-block-themeisle-blocks-advanced-columns-999ea8f1\" class=\"wp-block-themeisle-blocks-advanced-columns alignfull has-4-columns has-desktop-equal-layout has-tablet-equal-layout has-mobile-collapsedRows-layout has-vertical-unset has-dark-bg\"><div class=\"wp-block-themeisle-blocks-advanced-columns-overlay\"><\/div><div class=\"innerblocks-wrap\">\n<div id=\"wp-block-themeisle-blocks-advanced-column-ab1130c4\" class=\"wp-block-themeisle-blocks-advanced-column\">\n<h2 id=\"wp-block-themeisle-blocks-advanced-heading-ea4abd22\" class=\"wp-block-themeisle-blocks-advanced-heading wp-block-themeisle-blocks-advanced-heading-ea4abd22\"><strong>98%<\/strong><\/h2>\n\n\n\n<p class=\"has-text-align-center has-nv-text-dark-bg-color has-text-color\" style=\"font-size:14px\"><strong>Zufriedene Kunden<\/strong><\/p>\n<\/div>\n\n\n\n<div id=\"wp-block-themeisle-blocks-advanced-column-0e870194\" class=\"wp-block-themeisle-blocks-advanced-column\">\n<h2 id=\"wp-block-themeisle-blocks-advanced-heading-5a33511e\" class=\"wp-block-themeisle-blocks-advanced-heading wp-block-themeisle-blocks-advanced-heading-5a33511e\"><strong>50<\/strong><\/h2>\n\n\n\n<p class=\"has-text-align-center has-nv-text-dark-bg-color has-text-color has-small-font-size\"><strong>W\u00f6chentliche Eins\u00e4tze<\/strong><\/p>\n<\/div>\n\n\n\n<div id=\"wp-block-themeisle-blocks-advanced-column-60f223d5\" class=\"wp-block-themeisle-blocks-advanced-column\">\n<h2 id=\"wp-block-themeisle-blocks-advanced-heading-58f69968\" class=\"wp-block-themeisle-blocks-advanced-heading wp-block-themeisle-blocks-advanced-heading-58f69968\">2574+<\/h2>\n\n\n\n<p class=\"has-text-align-center has-nv-text-dark-bg-color has-text-color has-small-font-size\"><strong>Erfolgreiche Eins\u00e4tze<\/strong><\/p>\n<\/div>\n\n\n\n<div id=\"wp-block-themeisle-blocks-advanced-column-aa7a6c1d\" class=\"wp-block-themeisle-blocks-advanced-column\">\n<h2 id=\"wp-block-themeisle-blocks-advanced-heading-eaa582cf\" class=\"wp-block-themeisle-blocks-advanced-heading wp-block-themeisle-blocks-advanced-heading-eaa582cf\"><strong>80 <\/strong><\/h2>\n\n\n\n<p class=\"has-text-align-center has-nv-text-dark-bg-color has-text-color has-small-font-size\"><strong>Jahre Erfahrung<\/strong><\/p>\n<\/div>\n<\/div><\/div>\n\n\n\n<div id=\"wp-block-themeisle-blocks-advanced-columns-af9b101a\" class=\"wp-block-themeisle-blocks-advanced-columns alignfull has-2-columns has-desktop-equal-layout has-tablet-equal-layout has-mobile-collapsedRows-layout has-vertical-top\"><div class=\"wp-block-themeisle-blocks-advanced-columns-overlay\"><\/div><div class=\"innerblocks-wrap\">\n<div id=\"wp-block-themeisle-blocks-advanced-column-64b748f6\" class=\"wp-block-themeisle-blocks-advanced-column ticss-d23f5c51 has-dark-bg\">\n<div id=\"wp-block-themeisle-blocks-font-awesome-icons-3f8b7303\" class=\"wp-block-themeisle-blocks-font-awesome-icons ticss-3f8b7303 animated fadeIn\"><span class=\"wp-block-themeisle-blocks-font-awesome-icons-container\"><i class=\"fas fa-snowflake\"><\/i><\/span><\/div>\n\n\n\n<div style=\"height:24px\" aria-hidden=\"true\" class=\"wp-block-spacer\"><\/div>\n\n\n\n<h3 class=\"wp-block-heading has-text-align-left\"><strong>Winter Abflussreinigung Dortmund:<\/strong><\/h3>\n\n\n\n<p><strong>Winter-Eins\u00e4tze<\/strong> \u2013 Mehr als <strong>60 Abflussreinigungen<\/strong> pro Monat aufgrund von Verstopfungen durch Eis und Schnee.<\/p>\n\n\n\n<p><strong>Notfallinterventionen<\/strong> \u2013 <strong>95\u202f%<\/strong> der Abflussprobleme werden im Winter innerhalb von <strong>45 Minuten<\/strong> gel\u00f6st.<\/p>\n\n\n\n<p><strong>Erfahrenes Team<\/strong> \u2013 <strong>10 Experten<\/strong> mit Spezialisierung auf Wintereins\u00e4tze.<\/p>\n\n\n\n<p><strong>Spezialausr\u00fcstung<\/strong> \u2013 Einsatz von <strong>15 speziellen Heizger\u00e4ten und Werkzeugen<\/strong> zum Auftauen und Reinigen im Winter.<\/p>\n<\/div>\n\n\n\n<div id=\"wp-block-themeisle-blocks-advanced-column-d9052fb4\" class=\"wp-block-themeisle-blocks-advanced-column ticss-d23f5c51 has-dark-bg\">\n<div id=\"wp-block-themeisle-blocks-font-awesome-icons-e95520cb\" class=\"wp-block-themeisle-blocks-font-awesome-icons ticss-3f8b7303 animated fadeIn\"><span class=\"wp-block-themeisle-blocks-font-awesome-icons-container\"><i class=\"fas fa-sun\"><\/i><\/span><\/div>\n\n\n\n<div style=\"height:24px\" aria-hidden=\"true\" class=\"wp-block-spacer\"><\/div>\n\n\n\n<h3 class=\"wp-block-heading has-text-align-left\"><strong>Sommer Abflussreinigung Dortmund:<\/strong><\/h3>\n\n\n\n<p><strong>Sommer-Eins\u00e4tze<\/strong> \u2013 Durchschnittlich <strong>70 Abflussreinigungen<\/strong> pro Monat in den Sommermonaten aufgrund h\u00e4ufiger Stauungen durch Regenwasser.<\/p>\n\n\n\n<p><strong>Schnelle Intervention<\/strong> \u2013 <strong>90\u202f%<\/strong> der Notf\u00e4lle werden im Sommer innerhalb von <strong>30 Minuten<\/strong> gel\u00f6st.<\/p>\n\n\n\n<p><strong>Teamgr\u00f6\u00dfe<\/strong> \u2013 Im Sommer setzen wir <strong>12 Experten<\/strong> f\u00fcr schnelle Eins\u00e4tze ein.<\/p>\n\n\n\n<p><strong>Ausr\u00fcstungsnutzung<\/strong> \u2013 \u00dcber <strong>25 Maschinen und Werkzeuge<\/strong> werden f\u00fcr effiziente Reinigung im Sommer eingesetzt.<\/p>\n<\/div>\n<\/div><\/div>\n\n\n\n<div id=\"wp-block-themeisle-blocks-advanced-columns-a00873f2\" class=\"wp-block-themeisle-blocks-advanced-columns alignfull has-1-columns has-desktop-equal-layout has-tablet-equal-layout has-mobile-equal-layout has-vertical-unset has-dark-bg\"><div class=\"wp-block-themeisle-blocks-advanced-columns-overlay\"><\/div><div class=\"innerblocks-wrap\">\n<div id=\"wp-block-themeisle-blocks-advanced-column-245abea8\" class=\"wp-block-themeisle-blocks-advanced-column\"><div class=\"wp-block-image is-style-rounded\">\n<figure class=\"aligncenter size-full\"><img loading=\"lazy\" decoding=\"async\" width=\"80\" height=\"80\" src=\"https:\/\/abflussreinigendortmund.de\/wp-content\/uploads\/2022\/12\/coding-school-avatar-2.png\" alt=\"\" class=\"wp-image-1175\"\/><\/figure>\n<\/div>\n\n\n<div style=\"height:16px\" aria-hidden=\"true\" class=\"wp-block-spacer\"><\/div>\n\n\n\n<p class=\"has-text-align-center has-nv-text-dark-bg-color has-text-color\">&#8220;Abflussreinigung Dortmund ist absolut gro\u00dfartig! Mein Hausabfluss war komplett verstopft, und sie waren schon nach <strong>30 Minuten<\/strong> vor Ort, haben das Problem schnell und ohne Sch\u00e4den gel\u00f6st. Das Team ist sehr professionell und freundlich, und die Preise sind transparent. Ich werde sie definitiv jedem in Dortmund weiterempfehlen!&#8221;<\/p>\n\n\n\n<p class=\"has-text-align-center has-white-color has-text-color\" style=\"font-size:18px\"><strong>Markus H., Dortmund<\/strong><\/p>\n<\/div>\n<\/div><\/div>\n","protected":false},"excerpt":{"rendered":"","protected":false},"author":1,"featured_media":0,"parent":0,"menu_order":0,"comment_status":"closed","ping_status":"closed","template":"page-templates\/template-pagebuilder-full-width.php","meta":{"neve_meta_sidebar":"full-width","neve_meta_container":"default","neve_meta_enable_content_width":"on","neve_meta_content_width":100,"neve_meta_title_alignment":"","neve_meta_author_avatar":"","neve_post_elements_order":"","neve_meta_disable_header":"","neve_meta_disable_footer":"","neve_meta_disable_title":"off","_themeisle_gutenberg_block_has_review":false,"footnotes":""},"class_list":["post-148","page","type-page","status-publish","hentry"],"_links":{"self":[{"href":"https:\/\/abflussreinigendortmund.de\/index.php?rest_route=\/wp\/v2\/pages\/148","targetHints":{"allow":["GET"]}}],"collection":[{"href":"https:\/\/abflussreinigendortmund.de\/index.php?rest_route=\/wp\/v2\/pages"}],"about":[{"href":"https:\/\/abflussreinigendortmund.de\/index.php?rest_route=\/wp\/v2\/types\/page"}],"author":[{"embeddable":true,"href":"https:\/\/abflussreinigendortmund.de\/index.php?rest_route=\/wp\/v2\/users\/1"}],"replies":[{"embeddable":true,"href":"https:\/\/abflussreinigendortmund.de\/index.php?rest_route=%2Fwp%2Fv2%2Fcomments&post=148"}],"version-history":[{"count":5,"href":"https:\/\/abflussreinigendortmund.de\/index.php?rest_route=\/wp\/v2\/pages\/148\/revisions"}],"predecessor-version":[{"id":1487,"href":"https:\/\/abflussreinigendortmund.de\/index.php?rest_route=\/wp\/v2\/pages\/148\/revisions\/1487"}],"wp:attachment":[{"href":"https:\/\/abflussreinigendortmund.de\/index.php?rest_route=%2Fwp%2Fv2%2Fmedia&parent=148"}],"curies":[{"name":"wp","href":"https:\/\/api.w.org\/{rel}","templated":true}]}}